{"id":301,"date":"2016-07-26T20:07:18","date_gmt":"2016-07-26T18:07:18","guid":{"rendered":"http:\/\/www.kavecko.sk\/de\/?page_id=301"},"modified":"2016-07-26T21:38:15","modified_gmt":"2016-07-26T19:38:15","slug":"amateurklub","status":"publish","type":"page","link":"https:\/\/www.kavecko.sk\/de\/","title":{"rendered":"Amateurklub"},"content":{"rendered":"<div id='full_slider_1'  class='avia-fullwidth-slider main_color avia-shadow   avia-builder-el-0  el_before_av_section  avia-builder-el-first   container_wrap fullsize'  ><div  class='avia-slideshow av-av_slideshow_full-7c89eef234b705e7a4d2de62d66c7ebb avia-slideshow-no scaling av_slideshow_full avia-slide-slider av-slideshow-ui av-control-default av-slideshow-manual av-loop-once av-loop-manual-endless av-default-height-applied   avia-slideshow-1' data-slideshow-options=\"{&quot;animation&quot;:&quot;slide&quot;,&quot;autoplay&quot;:false,&quot;loop_autoplay&quot;:&quot;once&quot;,&quot;interval&quot;:5,&quot;loop_manual&quot;:&quot;manual-endless&quot;,&quot;autoplay_stopper&quot;:false,&quot;noNavigation&quot;:false,&quot;bg_slider&quot;:false,&quot;keep_padding&quot;:false,&quot;hoverpause&quot;:false,&quot;show_slide_delay&quot;:0}\"  itemprop=\"image\" itemscope=\"itemscope\" itemtype=\"https:\/\/schema.org\/ImageObject\" ><ul class='avia-slideshow-inner ' style='padding-bottom: 17.2395833333%;'><li  class='avia-slideshow-slide av-av_slideshow_full-7c89eef234b705e7a4d2de62d66c7ebb__0  av-single-slide slide-1 slide-odd'><div data-rel='slideshow-1' class='avia-slide-wrap '   ><img decoding=\"async\" fetchpriority=\"high\" class=\"wp-image-1411 avia-img-lazy-loading-not-1411\"  src=\"https:\/\/www.kavecko.sk\/wp-content\/uploads\/2016\/07\/banner-podstranka.jpg\" width=\"1920\" height=\"331\" title='banner-podstranka' alt=''  itemprop=\"thumbnailUrl\" srcset=\"https:\/\/www.kavecko.sk\/wp-content\/uploads\/2016\/07\/banner-podstranka.jpg 1920w, https:\/\/www.kavecko.sk\/wp-content\/uploads\/2016\/07\/banner-podstranka-300x52.jpg 300w, https:\/\/www.kavecko.sk\/wp-content\/uploads\/2016\/07\/banner-podstranka-768x132.jpg 768w, https:\/\/www.kavecko.sk\/wp-content\/uploads\/2016\/07\/banner-podstranka-1030x177.jpg 1030w, https:\/\/www.kavecko.sk\/wp-content\/uploads\/2016\/07\/banner-podstranka-1500x258.jpg 1500w, https:\/\/www.kavecko.sk\/wp-content\/uploads\/2016\/07\/banner-podstranka-705x121.jpg 705w, https:\/\/www.kavecko.sk\/wp-content\/uploads\/2016\/07\/banner-podstranka-450x78.jpg 450w\" sizes=\"(max-width: 1920px) 100vw, 1920px\" \/><\/div><\/li><\/ul><\/div><\/div>\n\n<style type=\"text\/css\" data-created_by=\"avia_inline_auto\" id=\"style-css-av-av_section-2d8387b62f51d82939aab88f677b90d9\">\n.avia-section.av-av_section-2d8387b62f51d82939aab88f677b90d9{\nbackground-color:#1a1f2a;\nbackground-image:unset;\n}\n<\/style>\n<div id='av_section_1'  class='avia-section av-av_section-2d8387b62f51d82939aab88f677b90d9 alternate_color avia-section-small avia-no-border-styling  avia-builder-el-1  el_after_av_slideshow_full  el_before_av_one_full  avia-bg-style-scroll container_wrap fullsize'  ><div class='container av-section-cont-open' ><div class='template-page content  av-content-full alpha units'><div class='post-entry post-entry-type-page post-entry-301'><div class='entry-content-wrapper clearfix'>\n\n<style type=\"text\/css\" data-created_by=\"avia_inline_auto\" id=\"style-css-av-av_heading-4266ce76fc55cb01b598643dfcc0b0ed\">\n#top .av-special-heading.av-av_heading-4266ce76fc55cb01b598643dfcc0b0ed{\npadding-bottom:0;\n}\nbody .av-special-heading.av-av_heading-4266ce76fc55cb01b598643dfcc0b0ed .av-special-heading-tag .heading-char{\nfont-size:25px;\n}\n.av-special-heading.av-av_heading-4266ce76fc55cb01b598643dfcc0b0ed .av-subheading{\nfont-size:15px;\n}\n<\/style>\n<div  class='av-special-heading av-av_heading-4266ce76fc55cb01b598643dfcc0b0ed av-special-heading-h1 meta-heading blockquote modern-quote modern-centered  avia-builder-el-2  el_before_av_textblock  avia-builder-el-first '><h1 class='av-special-heading-tag '  itemprop=\"headline\"  >AMATEURKLUB &#8211; KAVE\u010cKO<\/h1><div class=\"special-heading-border\"><div class=\"special-heading-inner-border\"><\/div><\/div><\/div>\n<section  class='av_textblock_section av-av_textblock-0366cc7376be6c9e82a3e9cc8987b64f '   itemscope=\"itemscope\" itemtype=\"https:\/\/schema.org\/CreativeWork\" ><div class='avia_textblock'  itemprop=\"text\" ><h2 style=\"text-align: center;\">U\u017eite si z\u00e1bavu a spoznajte nov\u00fdch \u013eud\u00ed v pr\u00edjemnom a diskr\u00e9tnom prostred\u00ed<\/h2>\n<\/div><\/section>\n<\/div><\/div><\/div><!-- close content main div --><\/div><\/div><div id='after_section_1'  class='main_color av_default_container_wrap container_wrap fullsize'  ><div class='container av-section-cont-open' ><div class='template-page content  av-content-full alpha units'><div class='post-entry post-entry-type-page post-entry-301'><div class='entry-content-wrapper clearfix'>\n\n<style type=\"text\/css\" data-created_by=\"avia_inline_auto\" id=\"style-css-av-av_one_full-9497bbf8bff73ea4c6992cc17fa9ec36\">\n.flex_column.av-av_one_full-9497bbf8bff73ea4c6992cc17fa9ec36{\nborder-radius:0px 0px 0px 0px;\npadding:0px 0px 0px 0px;\n}\n<\/style>\n<div  class='flex_column av-av_one_full-9497bbf8bff73ea4c6992cc17fa9ec36 av_one_full  avia-builder-el-4  el_after_av_section  el_before_av_section  avia-builder-el-no-sibling  first flex_column_div av-zero-column-padding  '     ><p>\n<style type=\"text\/css\" data-created_by=\"avia_inline_auto\" id=\"style-css-av-av_image-928fea66dd9607e97836c3a186154548\">\n.avia-image-container.av-av_image-928fea66dd9607e97836c3a186154548 img.avia_image{\nbox-shadow:none;\n}\n.avia-image-container.av-av_image-928fea66dd9607e97836c3a186154548 .av-image-caption-overlay-center{\ncolor:#ffffff;\n}\n<\/style>\n<div  class='avia-image-container av-av_image-928fea66dd9607e97836c3a186154548 av-styling-no-styling avia-align-center  avia-builder-el-5  el_before_av_hr  avia-builder-el-first '   itemprop=\"image\" itemscope=\"itemscope\" itemtype=\"https:\/\/schema.org\/ImageObject\" ><div class=\"avia-image-container-inner\"><div class=\"avia-image-overlay-wrap\"><img decoding=\"async\" fetchpriority=\"high\" class='wp-image-1422 avia-img-lazy-loading-not-1422 avia_image ' src=\"https:\/\/www.kavecko.sk\/wp-content\/uploads\/2016\/07\/tn_78677-800x321.jpg\" alt='' title='IF'  height=\"321\" width=\"800\"  itemprop=\"thumbnailUrl\"  \/><\/div><\/div><\/div><br \/>\n\n<style type=\"text\/css\" data-created_by=\"avia_inline_auto\" id=\"style-css-av-av_hr-c9ba6ccf0e28539cef079a4b419f7f68\">\n#top .hr.hr-invisible.av-av_hr-c9ba6ccf0e28539cef079a4b419f7f68{\nheight:25px;\n}\n<\/style>\n<div  class='hr av-av_hr-c9ba6ccf0e28539cef079a4b419f7f68 hr-invisible  avia-builder-el-6  el_after_av_image  el_before_av_textblock '><span class='hr-inner '><span class=\"hr-inner-style\"><\/span><\/span><\/div><br \/>\n<section  class='av_textblock_section av-av_textblock-0366cc7376be6c9e82a3e9cc8987b64f '   itemscope=\"itemscope\" itemtype=\"https:\/\/schema.org\/CreativeWork\" ><div class='avia_textblock'  itemprop=\"text\" ><p>Jedem Besucher werden nach der Ankunft die Klubr\u00e4ume gezeigt. Er erh\u00e4lt einen Schl\u00fcssel von dem Schrank mit Badet\u00fcchern. Die \u00fcbernachtenden G\u00e4ste erhalten den Zimmerschl\u00fcssel.<\/p>\n<p><strong>Wie sollte man sich anziehen?<\/strong><\/p>\n<p>Kommen Sie so gekleidet, wie Sie sich wohl und bequem f\u00fchlen. Einige G\u00e4ste ziehen sich in der Garderobe um, damit sie mehr verf\u00fchrerisch und anziehend aussehen, es ist jedoch keine Regel. Genieren Sie sich also nicht, wenn Sie erotische Unterw\u00e4sche mitnehmen wollen. Bei den anderen kommen Sie dann noch besser an.<\/p>\n<p>Wir haben uns bem\u00fcht, einen solchen Klub zu schaffen, in dem sich die G\u00e4ste angenehm f\u00fchlen k\u00f6nnen. Wir werden Sie bei uns gern willkommen hei\u00dfen und glauben, dass Sie mit unserem Angebot zufrieden sein werden. Es gibt auch die M\u00f6glichkeit, ein Thermalbad zu besuchen, das von unserem Klub in 10 Minuten mit dem Auto zu erreichen ist.<\/p>\n<p>Es ist VERBOTEN, eigene Alkoholgetr\u00e4nke mitzubringen und zu konsumieren, sowie Sucht- und Rauschmittel und Waffen aller Art bei sich zu haben!<\/p>\n<p>Wir freuen uns auf Ihren Besuch und werden alle positiven und auch negativen Reaktionen von Ihnen beachten.\u00a0 Ihre Reaktionen k\u00f6nnen uns helfen, unsere Arbeit noch besser zu machen, damit Sie mit uns immer zufrieden sein k\u00f6nnen.<\/p>\n<p><strong>Amateurklub <\/strong><\/p>\n<p>Innenraumfl\u00e4che betr\u00e4gt 500 m2. Zur Verf\u00fcgung stehen\u00a0 Garderoben, Duschen , Toiletten, eine Nachtbar mit Kamin, selbst\u00e4ndiger Speisesaal und einige Schlafzimmer (ein Teil davon ist klimatisiert), im 1. Stock befindet sich \u00a0ein klimatisierter Erholungsraum f\u00fcr z\u00fcgelloses Vergn\u00fcgen mit Sesseln, Flachbildfernseher und Billard. Dort befindet sich auch eine gro\u00dfe Terasse, wo man in der frischen Luft angenehm sitzen kann.\u00a0 Im Garten gibt es eine 100 m2 gro\u00dfe Terasse f\u00fcr n\u00e4chtliches Disco-Vergn\u00fcgen, eine gro\u00dfe Bar und eine Tanzfl\u00e4che,\u00a0 Schwimmbecken, Gartendusche, eine gro\u00dfe Rasenfl\u00e4che f\u00fcr die m\u00f6gliche Entspannung oder Spiele bei der Erholung. Mehr&#8230;<\/p>\n<p><strong>Amateurparty<\/strong><\/p>\n<p>Das Wort Party assoziiert bei den meisten Menschen den Alkoholkonsum. Hier gilt es nicht ganz so. Es geht haupts\u00e4chlich ums Vergn\u00fcgen, um angenehmes Beisamensein, wobei neue Leute kennengelernt werden k\u00f6nenn, aber auch um neue unkonvetionelle Sexerlebnisse. Sie k\u00f6nnen diesen z\u00fcgellosen Spielchen entweder zusehen, oder mitmachen und etwas Neues Unbekanntes erleben. Nur Sie pers\u00f6nlich haben die Wahl, mit wem Sie diese Momente erleben wollen. Sie finden nicht nur die Gew\u00fcrze Ihres Sexuallebens, sonder auch neue Freunde.<\/p>\n<p>Registrieren Sie sich noch heute auf der Webseite <a href=\"http:\/\/www.amateri.sk\/\">www.amateri.sk<\/a> &#8211; jedes neue Mitglied erh\u00e4lt alkoholische Getr\u00e4nke \u00fcber die ganze Nacht gratis!<\/p>\n<\/div><\/section><\/p><\/div><\/div><\/div><\/div><!-- close content main div --><\/div><\/div><div id='av_section_2'  class='avia-section av-av_section-d18d8c2c81d10022ebd21ffa95322c35 main_color avia-section-default avia-no-shadow  avia-builder-el-8  el_after_av_one_full  el_before_av_section  avia-bg-style-scroll container_wrap fullsize'  ><div class='container av-section-cont-open' ><div class='template-page content  av-content-full alpha units'><div class='post-entry post-entry-type-page post-entry-301'><div class='entry-content-wrapper clearfix'>\n\n<style type=\"text\/css\" data-created_by=\"avia_inline_auto\" id=\"style-css-av-av_heading-87059c20008f8dd5da668a1d42b49cd2\">\n#top .av-special-heading.av-av_heading-87059c20008f8dd5da668a1d42b49cd2{\npadding-bottom:10px;\n}\nbody .av-special-heading.av-av_heading-87059c20008f8dd5da668a1d42b49cd2 .av-special-heading-tag .heading-char{\nfont-size:25px;\n}\n.av-special-heading.av-av_heading-87059c20008f8dd5da668a1d42b49cd2 .av-subheading{\nfont-size:15px;\n}\n<\/style>\n<div  class='av-special-heading av-av_heading-87059c20008f8dd5da668a1d42b49cd2 av-special-heading-h4 meta-heading blockquote modern-quote modern-centered  avia-builder-el-9  avia-builder-el-no-sibling '><h4 class='av-special-heading-tag '  itemprop=\"headline\"  >M\u00e1te z\u00e1ujem o bli\u017e\u0161ie inform\u00e1cie ?<\/h4><div class=\"special-heading-border\"><div class=\"special-heading-inner-border\"><\/div><\/div><\/div>\n<\/p>\n<\/div><\/div><\/div><!-- close content main div --><\/div><\/div>\n<style type=\"text\/css\" data-created_by=\"avia_inline_auto\" id=\"style-css-av-av_section-1bd539c58874010ac2b3201e77c3542f\">\n.avia-section.av-av_section-1bd539c58874010ac2b3201e77c3542f{\nbackground-color:#1a1f2a;\nbackground-image:unset;\n}\n<\/style>\n<div id='av_section_3'  class='avia-section av-av_section-1bd539c58874010ac2b3201e77c3542f footer_color avia-section-no-padding avia-no-shadow  avia-builder-el-10  el_after_av_section  el_before_av_section  avia-bg-style-scroll container_wrap fullsize'  ><div class='container av-section-cont-open' ><div class='template-page content  av-content-full alpha units'><div class='post-entry post-entry-type-page post-entry-301'><div class='entry-content-wrapper clearfix'>\n\n<style type=\"text\/css\" data-created_by=\"avia_inline_auto\" id=\"style-css-av-av_hr-5ea7596238ed9f191e6b5e662093052f\">\n#top .hr.hr-invisible.av-av_hr-5ea7596238ed9f191e6b5e662093052f{\nheight:30px;\n}\n<\/style>\n<div  class='hr av-av_hr-5ea7596238ed9f191e6b5e662093052f hr-invisible  avia-builder-el-11  el_before_av_textblock  avia-builder-el-first '><span class='hr-inner '><span class=\"hr-inner-style\"><\/span><\/span><\/div>\n<section  class='av_textblock_section av-av_textblock-0366cc7376be6c9e82a3e9cc8987b64f '   itemscope=\"itemscope\" itemtype=\"https:\/\/schema.org\/CreativeWork\" ><div class='avia_textblock'  itemprop=\"text\" ><h2 style=\"text-align: center;\">Po\u0161lite n\u00e1m spr\u00e1vu<\/h2>\n<\/div><\/section>\n<form action=\"https:\/\/www.kavecko.sk\/de\/\" method=\"post\" data-fields-with-error=\"Fehler wurden in folgenden Feld(ern) gefunden:\" class=\"avia_ajax_form av-form-labels-visible   avia-builder-el-13  el_after_av_textblock  avia-builder-el-last  av-centered-form   \" data-avia-form-id=\"1\" data-avia-redirect='' ><fieldset><p class='  first_form  form_element form_element_third' id='element_avia_1_1'><label for=\"avia_1_1\">Meno <abbr class=\"required\" title=\"ben\u00f6tigt\">*<\/abbr><\/label> <input name=\"avia_1_1\" class=\"text_input is_empty\" type=\"text\" id=\"avia_1_1\" value=\"\" \/><\/p><p class='  form_element form_element_third' id='element_avia_2_1'><label for=\"avia_2_1\">E-Mail <abbr class=\"required\" title=\"ben\u00f6tigt\">*<\/abbr><\/label> <input name=\"avia_2_1\" class=\"text_input is_email\" type=\"text\" id=\"avia_2_1\" value=\"\" \/><\/p><p class='  form_element form_element_third' id='element_avia_3_1'><label for=\"avia_3_1\">Mobil <abbr class=\"required\" title=\"ben\u00f6tigt\">*<\/abbr><\/label> <input name=\"avia_3_1\" class=\"text_input is_phone\" type=\"text\" id=\"avia_3_1\" value=\"\" \/><\/p><p class='  first_form  form_element form_fullwidth av-last-visible-form-element' id='element_avia_4_1'><label for=\"avia_4_1\" class=\"textare_label hidden textare_label_avia_4_1\">Spr\u00e1va <abbr class=\"required\" title=\"ben\u00f6tigt\">*<\/abbr><\/label><textarea  name=\"avia_4_1\" class=\"text_area is_empty\" cols=\"40\" rows=\"7\" id=\"avia_4_1\" ><\/textarea><\/p><p class=\"hidden\"><input type=\"text\" name=\"avia_5_1\" class=\"hidden \" id=\"avia_5_1\" value=\"\" \/><\/p><p class=\"form_element \"><input type=\"hidden\" value=\"1\" name=\"avia_generated_form1\" \/><input type=\"submit\" value=\"Odosla\u0165\" class=\"button\"  data-sending-label=\"Sende\"\/><\/p><\/fieldset><\/form><div id=\"ajaxresponse_1\" class=\"ajaxresponse ajaxresponse_1 hidden\"><\/div>\n\n<\/div><\/div><\/div><!-- close content main div --><\/div><\/div>\n<style type=\"text\/css\" data-created_by=\"avia_inline_auto\" id=\"style-css-av-av_section-2669f9bd6772a87da89fdbdf34d323e3\">\n.avia-section.av-av_section-2669f9bd6772a87da89fdbdf34d323e3{\nbackground-color:#060c1c;\nbackground-image:unset;\n}\n<\/style>\n<div id='av_section_4'  class='avia-section av-av_section-2669f9bd6772a87da89fdbdf34d323e3 socket_color avia-section-no-padding avia-no-border-styling  avia-builder-el-14  el_after_av_section  avia-builder-el-last  avia-bg-style-scroll container_wrap fullsize'  ><div class='container av-section-cont-open' ><div class='template-page content  av-content-full alpha units'><div class='post-entry post-entry-type-page post-entry-301'><div class='entry-content-wrapper clearfix'>\n\n<style type=\"text\/css\" data-created_by=\"avia_inline_auto\" id=\"style-css-av-av_hr-5ba6de4b9ffa97561ff6d0158ae5a65a\">\n#top .hr.hr-invisible.av-av_hr-5ba6de4b9ffa97561ff6d0158ae5a65a{\nmargin-top:0px;\nheight:1px;\n}\n<\/style>\n<div  class='hr av-av_hr-5ba6de4b9ffa97561ff6d0158ae5a65a hr-invisible  avia-builder-el-15  avia-builder-el-no-sibling '><span class='hr-inner '><span class=\"hr-inner-style\"><\/span><\/span><\/div>\n\n","protected":false},"excerpt":{"rendered":"","protected":false},"author":1,"featured_media":0,"parent":0,"menu_order":0,"comment_status":"closed","ping_status":"closed","template":"","meta":{"footnotes":""},"class_list":["post-301","page","type-page","status-publish","hentry"],"yoast_head":"<!-- This site is optimized with the Yoast SEO plugin v25.0 - https:\/\/yoast.com\/wordpress\/plugins\/seo\/ -->\n<title>Amateurklub - www.kavecko.sk<\/title>\n<meta name=\"robots\" content=\"index, follow, max-snippet:-1, max-image-preview:large, max-video-preview:-1\" \/>\n<link rel=\"canonical\" href=\"https:\/\/www.kavecko.sk\/de\/amateurklub\/\" \/>\n<meta property=\"og:locale\" content=\"de_DE\" \/>\n<meta property=\"og:type\" content=\"article\" \/>\n<meta property=\"og:title\" content=\"Amateurklub - www.kavecko.sk\" \/>\n<meta property=\"og:url\" content=\"https:\/\/www.kavecko.sk\/de\/amateurklub\/\" \/>\n<meta property=\"og:site_name\" content=\"www.kavecko.sk\" \/>\n<meta property=\"article:modified_time\" content=\"2016-07-26T19:38:15+00:00\" \/>\n<meta name=\"twitter:card\" content=\"summary_large_image\" \/>\n<meta name=\"twitter:label1\" content=\"Gesch\u00e4tzte Lesezeit\" \/>\n\t<meta name=\"twitter:data1\" content=\"7\u00a0Minuten\" \/>\n<script type=\"application\/ld+json\" class=\"yoast-schema-graph\">{\"@context\":\"https:\/\/schema.org\",\"@graph\":[{\"@type\":\"WebPage\",\"@id\":\"https:\/\/www.kavecko.sk\/de\/amateurklub\/\",\"url\":\"https:\/\/www.kavecko.sk\/de\/amateurklub\/\",\"name\":\"Amateurklub - www.kavecko.sk\",\"isPartOf\":{\"@id\":\"https:\/\/www.kavecko.sk\/#website\"},\"datePublished\":\"2016-07-26T18:07:18+00:00\",\"dateModified\":\"2016-07-26T19:38:15+00:00\",\"breadcrumb\":{\"@id\":\"https:\/\/www.kavecko.sk\/de\/amateurklub\/#breadcrumb\"},\"inLanguage\":\"de\",\"potentialAction\":[{\"@type\":\"ReadAction\",\"target\":[\"https:\/\/www.kavecko.sk\/de\/amateurklub\/\"]}]},{\"@type\":\"BreadcrumbList\",\"@id\":\"https:\/\/www.kavecko.sk\/de\/amateurklub\/#breadcrumb\",\"itemListElement\":[{\"@type\":\"ListItem\",\"position\":1,\"name\":\"Domovsk\u00e1 str\u00e1nka\",\"item\":\"https:\/\/www.kavecko.sk\/de\/amateurklub\/\"},{\"@type\":\"ListItem\",\"position\":2,\"name\":\"Amateurklub\"}]},{\"@type\":\"WebSite\",\"@id\":\"https:\/\/www.kavecko.sk\/#website\",\"url\":\"https:\/\/www.kavecko.sk\/\",\"name\":\"www.kavecko.sk\",\"description\":\"Klub amat\u00e9rov K\u00e1v\u00e9\u010dko\",\"potentialAction\":[{\"@type\":\"SearchAction\",\"target\":{\"@type\":\"EntryPoint\",\"urlTemplate\":\"https:\/\/www.kavecko.sk\/?s={search_term_string}\"},\"query-input\":{\"@type\":\"PropertyValueSpecification\",\"valueRequired\":true,\"valueName\":\"search_term_string\"}}],\"inLanguage\":\"de\"}]}<\/script>\n<!-- \/ Yoast SEO plugin. -->","yoast_head_json":{"title":"Amateurklub - www.kavecko.sk","robots":{"index":"index","follow":"follow","max-snippet":"max-snippet:-1","max-image-preview":"max-image-preview:large","max-video-preview":"max-video-preview:-1"},"canonical":"https:\/\/www.kavecko.sk\/de\/amateurklub\/","og_locale":"de_DE","og_type":"article","og_title":"Amateurklub - www.kavecko.sk","og_url":"https:\/\/www.kavecko.sk\/de\/amateurklub\/","og_site_name":"www.kavecko.sk","article_modified_time":"2016-07-26T19:38:15+00:00","twitter_card":"summary_large_image","twitter_misc":{"Gesch\u00e4tzte Lesezeit":"7\u00a0Minuten"},"schema":{"@context":"https:\/\/schema.org","@graph":[{"@type":"WebPage","@id":"https:\/\/www.kavecko.sk\/de\/amateurklub\/","url":"https:\/\/www.kavecko.sk\/de\/amateurklub\/","name":"Amateurklub - www.kavecko.sk","isPartOf":{"@id":"https:\/\/www.kavecko.sk\/#website"},"datePublished":"2016-07-26T18:07:18+00:00","dateModified":"2016-07-26T19:38:15+00:00","breadcrumb":{"@id":"https:\/\/www.kavecko.sk\/de\/amateurklub\/#breadcrumb"},"inLanguage":"de","potentialAction":[{"@type":"ReadAction","target":["https:\/\/www.kavecko.sk\/de\/amateurklub\/"]}]},{"@type":"BreadcrumbList","@id":"https:\/\/www.kavecko.sk\/de\/amateurklub\/#breadcrumb","itemListElement":[{"@type":"ListItem","position":1,"name":"Domovsk\u00e1 str\u00e1nka","item":"https:\/\/www.kavecko.sk\/de\/amateurklub\/"},{"@type":"ListItem","position":2,"name":"Amateurklub"}]},{"@type":"WebSite","@id":"https:\/\/www.kavecko.sk\/#website","url":"https:\/\/www.kavecko.sk\/","name":"www.kavecko.sk","description":"Klub amat\u00e9rov K\u00e1v\u00e9\u010dko","potentialAction":[{"@type":"SearchAction","target":{"@type":"EntryPoint","urlTemplate":"https:\/\/www.kavecko.sk\/?s={search_term_string}"},"query-input":{"@type":"PropertyValueSpecification","valueRequired":true,"valueName":"search_term_string"}}],"inLanguage":"de"}]}},"_links":{"self":[{"href":"https:\/\/www.kavecko.sk\/de\/wp-json\/wp\/v2\/pages\/301"}],"collection":[{"href":"https:\/\/www.kavecko.sk\/de\/wp-json\/wp\/v2\/pages"}],"about":[{"href":"https:\/\/www.kavecko.sk\/de\/wp-json\/wp\/v2\/types\/page"}],"author":[{"embeddable":true,"href":"https:\/\/www.kavecko.sk\/de\/wp-json\/wp\/v2\/users\/1"}],"replies":[{"embeddable":true,"href":"https:\/\/www.kavecko.sk\/de\/wp-json\/wp\/v2\/comments?post=301"}],"version-history":[{"count":0,"href":"https:\/\/www.kavecko.sk\/de\/wp-json\/wp\/v2\/pages\/301\/revisions"}],"wp:attachment":[{"href":"https:\/\/www.kavecko.sk\/de\/wp-json\/wp\/v2\/media?parent=301"}],"curies":[{"name":"wp","href":"https:\/\/api.w.org\/{rel}","templated":true}]}}