{"id":303,"date":"2016-07-26T20:34:20","date_gmt":"2016-07-26T18:34:20","guid":{"rendered":"http:\/\/www.kavecko.sk\/de\/?page_id=303"},"modified":"2016-07-26T20:34:20","modified_gmt":"2016-07-26T18:34:20","slug":"anmeldung","status":"publish","type":"page","link":"https:\/\/www.kavecko.sk\/de\/anmeldung\/","title":{"rendered":"Anmeldung"},"content":{"rendered":"<div id='full_slider_1'  class='avia-fullwidth-slider main_color avia-shadow   avia-builder-el-0  el_before_av_section  avia-builder-el-first   container_wrap fullsize'  ><div  class='avia-slideshow av-av_slideshow_full-7c89eef234b705e7a4d2de62d66c7ebb avia-slideshow-no scaling av_slideshow_full avia-slide-slider av-slideshow-ui av-control-default av-slideshow-manual av-loop-once av-loop-manual-endless av-default-height-applied   avia-slideshow-1' data-slideshow-options=\"{&quot;animation&quot;:&quot;slide&quot;,&quot;autoplay&quot;:false,&quot;loop_autoplay&quot;:&quot;once&quot;,&quot;interval&quot;:5,&quot;loop_manual&quot;:&quot;manual-endless&quot;,&quot;autoplay_stopper&quot;:false,&quot;noNavigation&quot;:false,&quot;bg_slider&quot;:false,&quot;keep_padding&quot;:false,&quot;hoverpause&quot;:false,&quot;show_slide_delay&quot;:0}\"  itemprop=\"image\" itemscope=\"itemscope\" itemtype=\"https:\/\/schema.org\/ImageObject\" ><ul class='avia-slideshow-inner ' style='padding-bottom: 17.2395833333%;'><li  class='avia-slideshow-slide av-av_slideshow_full-7c89eef234b705e7a4d2de62d66c7ebb__0  av-single-slide slide-1 slide-odd'><div data-rel='slideshow-1' class='avia-slide-wrap '   ><img decoding=\"async\" fetchpriority=\"high\" class=\"wp-image-1411 avia-img-lazy-loading-not-1411\"  src=\"https:\/\/www.kavecko.sk\/wp-content\/uploads\/2016\/07\/banner-podstranka.jpg\" width=\"1920\" height=\"331\" title='banner-podstranka' alt=''  itemprop=\"thumbnailUrl\" srcset=\"https:\/\/www.kavecko.sk\/wp-content\/uploads\/2016\/07\/banner-podstranka.jpg 1920w, https:\/\/www.kavecko.sk\/wp-content\/uploads\/2016\/07\/banner-podstranka-300x52.jpg 300w, https:\/\/www.kavecko.sk\/wp-content\/uploads\/2016\/07\/banner-podstranka-768x132.jpg 768w, https:\/\/www.kavecko.sk\/wp-content\/uploads\/2016\/07\/banner-podstranka-1030x177.jpg 1030w, https:\/\/www.kavecko.sk\/wp-content\/uploads\/2016\/07\/banner-podstranka-1500x258.jpg 1500w, https:\/\/www.kavecko.sk\/wp-content\/uploads\/2016\/07\/banner-podstranka-705x121.jpg 705w, https:\/\/www.kavecko.sk\/wp-content\/uploads\/2016\/07\/banner-podstranka-450x78.jpg 450w\" sizes=\"(max-width: 1920px) 100vw, 1920px\" \/><\/div><\/li><\/ul><\/div><\/div>\n\n<style type=\"text\/css\" data-created_by=\"avia_inline_auto\" id=\"style-css-av-av_section-2d8387b62f51d82939aab88f677b90d9\">\n.avia-section.av-av_section-2d8387b62f51d82939aab88f677b90d9{\nbackground-color:#1a1f2a;\nbackground-image:unset;\n}\n<\/style>\n<div id='av_section_1'  class='avia-section av-av_section-2d8387b62f51d82939aab88f677b90d9 alternate_color avia-section-small avia-no-border-styling  avia-builder-el-1  el_after_av_slideshow_full  el_before_av_hr  avia-bg-style-scroll container_wrap fullsize'  ><div class='container av-section-cont-open' ><div class='template-page content  av-content-full alpha units'><div class='post-entry post-entry-type-page post-entry-303'><div class='entry-content-wrapper clearfix'>\n\n<style type=\"text\/css\" data-created_by=\"avia_inline_auto\" id=\"style-css-av-av_heading-04deb9affc0daf0e222991735e18f1cd\">\n#top .av-special-heading.av-av_heading-04deb9affc0daf0e222991735e18f1cd{\npadding-bottom:0;\n}\nbody .av-special-heading.av-av_heading-04deb9affc0daf0e222991735e18f1cd .av-special-heading-tag .heading-char{\nfont-size:25px;\n}\n.av-special-heading.av-av_heading-04deb9affc0daf0e222991735e18f1cd .av-subheading{\nfont-size:15px;\n}\n<\/style>\n<div  class='av-special-heading av-av_heading-04deb9affc0daf0e222991735e18f1cd av-special-heading-h1 meta-heading blockquote modern-quote modern-centered  avia-builder-el-2  el_before_av_textblock  avia-builder-el-first '><h1 class='av-special-heading-tag '  itemprop=\"headline\"  >ANMELDUNG<\/h1><div class=\"special-heading-border\"><div class=\"special-heading-inner-border\"><\/div><\/div><\/div>\n<section  class='av_textblock_section av-av_textblock-0366cc7376be6c9e82a3e9cc8987b64f '   itemscope=\"itemscope\" itemtype=\"https:\/\/schema.org\/CreativeWork\" ><div class='avia_textblock'  itemprop=\"text\" ><h2 style=\"text-align: center;\">U\u017eite si z\u00e1bavu a spoznajte nov\u00fdch \u013eud\u00ed v pr\u00edjemnom a diskr\u00e9tnom prostred\u00ed<\/h2>\n<\/div><\/section>\n<\/div><\/div><\/div><!-- close content main div --><\/div><\/div><div id='after_section_1'  class='main_color av_default_container_wrap container_wrap fullsize'  ><div class='container av-section-cont-open' ><div class='template-page content  av-content-full alpha units'><div class='post-entry post-entry-type-page post-entry-303'><div class='entry-content-wrapper clearfix'>\n<style type=\"text\/css\" data-created_by=\"avia_inline_auto\" id=\"style-css-av-av_hr-5ba6de4b9ffa97561ff6d0158ae5a65a\">\n#top .hr.hr-invisible.av-av_hr-5ba6de4b9ffa97561ff6d0158ae5a65a{\nmargin-top:0px;\nheight:1px;\n}\n<\/style>\n<div  class='hr av-av_hr-5ba6de4b9ffa97561ff6d0158ae5a65a hr-invisible  avia-builder-el-4  el_after_av_section  el_before_av_one_full  avia-builder-el-first '><span class='hr-inner '><span class=\"hr-inner-style\"><\/span><\/span><\/div><\/p>\n\n<style type=\"text\/css\" data-created_by=\"avia_inline_auto\" id=\"style-css-av-av_one_full-9497bbf8bff73ea4c6992cc17fa9ec36\">\n.flex_column.av-av_one_full-9497bbf8bff73ea4c6992cc17fa9ec36{\nborder-radius:0px 0px 0px 0px;\npadding:0px 0px 0px 0px;\n}\n<\/style>\n<div  class='flex_column av-av_one_full-9497bbf8bff73ea4c6992cc17fa9ec36 av_one_full  avia-builder-el-5  el_after_av_hr  el_before_av_section  avia-builder-el-last  first flex_column_div av-zero-column-padding  '     ><section  class='av_textblock_section av-av_textblock-0366cc7376be6c9e82a3e9cc8987b64f '   itemscope=\"itemscope\" itemtype=\"https:\/\/schema.org\/CreativeWork\" ><div class='avia_textblock'  itemprop=\"text\" ><h2 style=\"text-align: center;\">Fall Sie keinen Termin anf\u00fchren, an dem Sie an einer Party teilnehmen m\u00f6chten<\/h2>\n<h2 style=\"text-align: center;\">Ist Ihre Anmeldung ung\u00fcltig.<\/h2>\n<\/div><\/section><br \/>\n\n<style type=\"text\/css\" data-created_by=\"avia_inline_auto\" id=\"style-css-av-av_hr-c9ba6ccf0e28539cef079a4b419f7f68\">\n#top .hr.hr-invisible.av-av_hr-c9ba6ccf0e28539cef079a4b419f7f68{\nheight:25px;\n}\n<\/style>\n<div  class='hr av-av_hr-c9ba6ccf0e28539cef079a4b419f7f68 hr-invisible  avia-builder-el-7  el_after_av_textblock  el_before_av_contact '><span class='hr-inner '><span class=\"hr-inner-style\"><\/span><\/span><\/div><br \/>\n<form action=\"https:\/\/www.kavecko.sk\/de\/anmeldung\/\" method=\"post\" data-fields-with-error=\"Fehler wurden in folgenden Feld(ern) gefunden:\" class=\"avia_ajax_form av-form-labels-visible   avia-builder-el-8  el_after_av_hr  avia-builder-el-last   \" data-avia-form-id=\"1\" data-avia-redirect='' ><fieldset><p class='  first_form  form_element form_fullwidth' id='element_avia_1_1'><label for=\"avia_1_1\">Vor- oder Spitzname <abbr class=\"required\" title=\"ben\u00f6tigt\">*<\/abbr><\/label> <input name=\"avia_1_1\" class=\"text_input is_empty\" type=\"text\" id=\"avia_1_1\" value=\"\" \/><\/p><p class='  first_form  form_element form_fullwidth' id='element_avia_2_1'><label for=\"avia_2_1\">E-mail <abbr class=\"required\" title=\"ben\u00f6tigt\">*<\/abbr><\/label> <input name=\"avia_2_1\" class=\"text_input is_email\" type=\"text\" id=\"avia_2_1\" value=\"\" \/><\/p><p class='  first_form  form_element form_fullwidth' id='element_avia_3_1'><label for=\"avia_3_1\">Ihre Telefonnummer <abbr class=\"required\" title=\"ben\u00f6tigt\">*<\/abbr><\/label> <input name=\"avia_3_1\" class=\"text_input is_phone\" type=\"text\" id=\"avia_3_1\" value=\"\" \/><\/p><p class='  first_form  form_element form_element_fourth' id='element_avia_4_1'><input  name=\"avia_4_1\" class=\"input_checkbox \" type=\"checkbox\" id=\"avia_4_1\" value=\"true\"\/><label class=\"input_checkbox_label\" for=\"avia_4_1\">Kontaktieren Sie mich Telefonisch<\/label><\/p><p class='  form_element form_element_fourth' id='element_avia_5_1'><input  name=\"avia_5_1\" class=\"input_checkbox \" type=\"checkbox\" id=\"avia_5_1\" value=\"true\"\/><label class=\"input_checkbox_label\" for=\"avia_5_1\">Kontaktieren Sie mich \u00fcber E-mail<\/label><\/p><p class='  first_form  form_element form_fullwidth' id='element_avia_6_1'><label for=\"avia_6_1\">Sie k\u00f6nnen mich kontaktieren<\/label> <input name=\"avia_6_1\" class=\"text_input \" type=\"text\" id=\"avia_6_1\" value=\"\" \/><\/p><p class='  first_form  form_element form_element_fourth' id='element_avia_7_1'><input  name=\"avia_7_1\" class=\"input_checkbox \" type=\"checkbox\" id=\"avia_7_1\" value=\"true\"\/><label class=\"input_checkbox_label\" for=\"avia_7_1\">Ich m\u00f6chte an der Veranstaltung in den Tagen Freitag<\/label><\/p><p class='  form_element form_element_fourth' id='element_avia_8_1'><input  name=\"avia_8_1\" class=\"input_checkbox \" type=\"checkbox\" id=\"avia_8_1\" value=\"true\"\/><label class=\"input_checkbox_label\" for=\"avia_8_1\">Ich m\u00f6chte an der Veranstaltung in den Tagen Samstag <\/label><\/p><p class='  form_element form_element_fourth' id='element_avia_9_1'><input  name=\"avia_9_1\" class=\"input_checkbox \" type=\"checkbox\" id=\"avia_9_1\" value=\"true\"\/><label class=\"input_checkbox_label\" for=\"avia_9_1\">Ich m\u00f6chte an der Veranstaltung in den Tagen das ganze Wochenende teilnehmen<\/label><\/p><p class='  first_form  form_element form_fullwidth' id='element_avia_10_1'><label for=\"avia_10_1\">Am (Datum) <abbr class=\"required\" title=\"ben\u00f6tigt\">*<\/abbr><\/label> <input name=\"avia_10_1\" class=\"avia_datepicker text_input is_empty\" type=\"text\" id=\"avia_10_1\" value=\"\" placeholder=\"DD \/ MM \/ YY\" inputmode=\"none\" \/><\/p><p class='  first_form  form_element form_fullwidth' id='element_avia_11_1'><label for=\"avia_11_1\">Gewicht<\/label> <input name=\"avia_11_1\" class=\"text_input \" type=\"text\" id=\"avia_11_1\" value=\"\" \/><\/p><p class='  first_form  form_element form_fullwidth' id='element_avia_12_1'><label for=\"avia_12_1\">K\u00f6rpergr\u00f6\u00dfe<\/label> <input name=\"avia_12_1\" class=\"text_input \" type=\"text\" id=\"avia_12_1\" value=\"\" \/><\/p><p class='  first_form  form_element form_fullwidth' id='element_avia_13_1'><label for=\"avia_13_1\">Geschlecht<\/label> <input name=\"avia_13_1\" class=\"text_input \" type=\"text\" id=\"avia_13_1\" value=\"\" \/><\/p><p class='  first_form  form_element form_fullwidth' id='element_avia_14_1'><label for=\"avia_14_1\">Alter<\/label> <input name=\"avia_14_1\" class=\"text_input \" type=\"text\" id=\"avia_14_1\" value=\"\" \/><\/p><p class='  first_form  form_element form_fullwidth' id='element_avia_15_1'><label for=\"avia_15_1\">PARTNER(IN) - Vor- oder Spitzname<\/label> <input name=\"avia_15_1\" class=\"text_input \" type=\"text\" id=\"avia_15_1\" value=\"\" \/><\/p><p class='  first_form  form_element form_fullwidth' id='element_avia_16_1'><label for=\"avia_16_1\">Gewicht<\/label> <input name=\"avia_16_1\" class=\"text_input \" type=\"text\" id=\"avia_16_1\" value=\"\" \/><\/p><p class='  first_form  form_element form_fullwidth' id='element_avia_17_1'><label for=\"avia_17_1\">K\u00f6rpergr\u00f6\u00dfe<\/label> <input name=\"avia_17_1\" class=\"text_input \" type=\"text\" id=\"avia_17_1\" value=\"\" \/><\/p><p class='  first_form  form_element form_fullwidth' id='element_avia_18_1'><label for=\"avia_18_1\">Alter<\/label> <input name=\"avia_18_1\" class=\"text_input \" type=\"text\" id=\"avia_18_1\" value=\"\" \/><\/p><p class=\"hidden\"><input type=\"text\" name=\"avia_19_1\" class=\"hidden \" id=\"avia_19_1\" value=\"\" \/><\/p><p class='   form_element form_fullwidth' id='element_avia_20_1'><span class='value_verifier_label'>5 + 2 = ?<\/span><input name=\"avia_20_1_verifier\" type=\"hidden\" id=\"avia_20_1_verifier\" value=\"744778574\"\/><label for=\"avia_20_1\">Bitte l\u00f6se die Gleichung. Diese Ma\u00dfnahme dient der Abwehr von Spam <abbr class=\"required\" title=\"ben\u00f6tigt\">*<\/abbr><\/label><input name=\"avia_20_1\" class=\"text_input captcha\" type=\"text\" id=\"avia_20_1\" value=\"\"\/><\/p><p class=\"form_element \"><input type=\"hidden\" value=\"1\" name=\"avia_generated_form1\" \/><input type=\"submit\" value=\"Odosla\u0165\" class=\"button\"  data-sending-label=\"Sende\"\/><\/p><\/fieldset><\/form><div id=\"ajaxresponse_1\" class=\"ajaxresponse ajaxresponse_1 hidden\"><\/div><\/p><\/div><\/div><\/div><\/div><!-- close content main div --><\/div><\/div><div id='av_section_2'  class='avia-section av-av_section-d18d8c2c81d10022ebd21ffa95322c35 main_color avia-section-default avia-no-shadow  avia-builder-el-9  el_after_av_one_full  el_before_av_section  avia-bg-style-scroll container_wrap fullsize'  ><div class='container av-section-cont-open' ><div class='template-page content  av-content-full alpha units'><div class='post-entry post-entry-type-page post-entry-303'><div class='entry-content-wrapper clearfix'>\n\n<style type=\"text\/css\" data-created_by=\"avia_inline_auto\" id=\"style-css-av-av_heading-87059c20008f8dd5da668a1d42b49cd2\">\n#top .av-special-heading.av-av_heading-87059c20008f8dd5da668a1d42b49cd2{\npadding-bottom:10px;\n}\nbody .av-special-heading.av-av_heading-87059c20008f8dd5da668a1d42b49cd2 .av-special-heading-tag .heading-char{\nfont-size:25px;\n}\n.av-special-heading.av-av_heading-87059c20008f8dd5da668a1d42b49cd2 .av-subheading{\nfont-size:15px;\n}\n<\/style>\n<div  class='av-special-heading av-av_heading-87059c20008f8dd5da668a1d42b49cd2 av-special-heading-h4 meta-heading blockquote modern-quote modern-centered  avia-builder-el-10  avia-builder-el-no-sibling '><h4 class='av-special-heading-tag '  itemprop=\"headline\"  >M\u00e1te z\u00e1ujem o bli\u017e\u0161ie inform\u00e1cie ?<\/h4><div class=\"special-heading-border\"><div class=\"special-heading-inner-border\"><\/div><\/div><\/div>\n<\/p>\n<\/div><\/div><\/div><!-- close content main div --><\/div><\/div>\n<style type=\"text\/css\" data-created_by=\"avia_inline_auto\" id=\"style-css-av-av_section-1bd539c58874010ac2b3201e77c3542f\">\n.avia-section.av-av_section-1bd539c58874010ac2b3201e77c3542f{\nbackground-color:#1a1f2a;\nbackground-image:unset;\n}\n<\/style>\n<div id='av_section_3'  class='avia-section av-av_section-1bd539c58874010ac2b3201e77c3542f footer_color avia-section-no-padding avia-no-shadow  avia-builder-el-11  el_after_av_section  el_before_av_section  avia-bg-style-scroll container_wrap fullsize'  ><div class='container av-section-cont-open' ><div class='template-page content  av-content-full alpha units'><div class='post-entry post-entry-type-page post-entry-303'><div class='entry-content-wrapper clearfix'>\n\n<style type=\"text\/css\" data-created_by=\"avia_inline_auto\" id=\"style-css-av-av_hr-5ea7596238ed9f191e6b5e662093052f\">\n#top .hr.hr-invisible.av-av_hr-5ea7596238ed9f191e6b5e662093052f{\nheight:30px;\n}\n<\/style>\n<div  class='hr av-av_hr-5ea7596238ed9f191e6b5e662093052f hr-invisible  avia-builder-el-12  el_before_av_textblock  avia-builder-el-first '><span class='hr-inner '><span class=\"hr-inner-style\"><\/span><\/span><\/div>\n<section  class='av_textblock_section av-av_textblock-0366cc7376be6c9e82a3e9cc8987b64f '   itemscope=\"itemscope\" itemtype=\"https:\/\/schema.org\/CreativeWork\" ><div class='avia_textblock'  itemprop=\"text\" ><h2 style=\"text-align: center;\">Po\u0161lite n\u00e1m spr\u00e1vu<\/h2>\n<\/div><\/section>\n<form action=\"https:\/\/www.kavecko.sk\/de\/anmeldung\/\" method=\"post\" data-fields-with-error=\"Fehler wurden in folgenden Feld(ern) gefunden:\" class=\"avia_ajax_form av-form-labels-visible   avia-builder-el-14  el_after_av_textblock  avia-builder-el-last  av-centered-form   \" data-avia-form-id=\"2\" data-avia-redirect='' ><fieldset><p class='  first_form  form_element form_element_third' id='element_avia_1_2'><label for=\"avia_1_2\">Meno <abbr class=\"required\" title=\"ben\u00f6tigt\">*<\/abbr><\/label> <input name=\"avia_1_2\" class=\"text_input is_empty\" type=\"text\" id=\"avia_1_2\" value=\"\" \/><\/p><p class='  form_element form_element_third' id='element_avia_2_2'><label for=\"avia_2_2\">E-Mail <abbr class=\"required\" title=\"ben\u00f6tigt\">*<\/abbr><\/label> <input name=\"avia_2_2\" class=\"text_input is_email\" type=\"text\" id=\"avia_2_2\" value=\"\" \/><\/p><p class='  form_element form_element_third' id='element_avia_3_2'><label for=\"avia_3_2\">Mobil <abbr class=\"required\" title=\"ben\u00f6tigt\">*<\/abbr><\/label> <input name=\"avia_3_2\" class=\"text_input is_phone\" type=\"text\" id=\"avia_3_2\" value=\"\" \/><\/p><p class='  first_form  form_element form_fullwidth av-last-visible-form-element' id='element_avia_4_2'><label for=\"avia_4_2\" class=\"textare_label hidden textare_label_avia_4_2\">Spr\u00e1va <abbr class=\"required\" title=\"ben\u00f6tigt\">*<\/abbr><\/label><textarea  name=\"avia_4_2\" class=\"text_area is_empty\" cols=\"40\" rows=\"7\" id=\"avia_4_2\" ><\/textarea><\/p><p class=\"hidden\"><input type=\"text\" name=\"avia_5_2\" class=\"hidden \" id=\"avia_5_2\" value=\"\" \/><\/p><p class=\"form_element \"><input type=\"hidden\" value=\"1\" name=\"avia_generated_form2\" \/><input type=\"submit\" value=\"Odosla\u0165\" class=\"button\"  data-sending-label=\"Sende\"\/><\/p><\/fieldset><\/form><div id=\"ajaxresponse_2\" class=\"ajaxresponse ajaxresponse_2 hidden\"><\/div>\n\n<\/div><\/div><\/div><!-- close content main div --><\/div><\/div>\n<style type=\"text\/css\" data-created_by=\"avia_inline_auto\" id=\"style-css-av-av_section-2669f9bd6772a87da89fdbdf34d323e3\">\n.avia-section.av-av_section-2669f9bd6772a87da89fdbdf34d323e3{\nbackground-color:#060c1c;\nbackground-image:unset;\n}\n<\/style>\n<div id='av_section_4'  class='avia-section av-av_section-2669f9bd6772a87da89fdbdf34d323e3 socket_color avia-section-no-padding avia-no-border-styling  avia-builder-el-15  el_after_av_section  avia-builder-el-last  avia-bg-style-scroll container_wrap fullsize'  ><div class='container av-section-cont-open' ><div class='template-page content  av-content-full alpha units'><div class='post-entry post-entry-type-page post-entry-303'><div class='entry-content-wrapper clearfix'>\n\n<style type=\"text\/css\" data-created_by=\"avia_inline_auto\" id=\"style-css-av-av_hr-5ba6de4b9ffa97561ff6d0158ae5a65a\">\n#top .hr.hr-invisible.av-av_hr-5ba6de4b9ffa97561ff6d0158ae5a65a{\nmargin-top:0px;\nheight:1px;\n}\n<\/style>\n<div  class='hr av-av_hr-5ba6de4b9ffa97561ff6d0158ae5a65a hr-invisible  avia-builder-el-16  avia-builder-el-no-sibling '><span class='hr-inner '><span class=\"hr-inner-style\"><\/span><\/span><\/div>\n\n","protected":false},"excerpt":{"rendered":"","protected":false},"author":1,"featured_media":0,"parent":0,"menu_order":0,"comment_status":"closed","ping_status":"closed","template":"","meta":{"footnotes":""},"class_list":["post-303","page","type-page","status-publish","hentry"],"yoast_head":"<!-- This site is optimized with the Yoast SEO plugin v25.0 - https:\/\/yoast.com\/wordpress\/plugins\/seo\/ -->\n<title>Anmeldung - www.kavecko.sk<\/title>\n<meta name=\"robots\" content=\"index, follow, max-snippet:-1, max-image-preview:large, max-video-preview:-1\" \/>\n<link rel=\"canonical\" href=\"https:\/\/www.kavecko.sk\/de\/anmeldung\/\" \/>\n<meta property=\"og:locale\" content=\"de_DE\" \/>\n<meta property=\"og:type\" content=\"article\" \/>\n<meta property=\"og:title\" content=\"Anmeldung - www.kavecko.sk\" \/>\n<meta property=\"og:url\" content=\"https:\/\/www.kavecko.sk\/de\/anmeldung\/\" \/>\n<meta property=\"og:site_name\" content=\"www.kavecko.sk\" \/>\n<meta name=\"twitter:card\" content=\"summary_large_image\" \/>\n<meta name=\"twitter:label1\" content=\"Gesch\u00e4tzte Lesezeit\" \/>\n\t<meta name=\"twitter:data1\" content=\"6\u00a0Minuten\" \/>\n<script type=\"application\/ld+json\" class=\"yoast-schema-graph\">{\"@context\":\"https:\/\/schema.org\",\"@graph\":[{\"@type\":\"WebPage\",\"@id\":\"https:\/\/www.kavecko.sk\/de\/anmeldung\/\",\"url\":\"https:\/\/www.kavecko.sk\/de\/anmeldung\/\",\"name\":\"Anmeldung - www.kavecko.sk\",\"isPartOf\":{\"@id\":\"https:\/\/www.kavecko.sk\/#website\"},\"datePublished\":\"2016-07-26T18:34:20+00:00\",\"breadcrumb\":{\"@id\":\"https:\/\/www.kavecko.sk\/de\/anmeldung\/#breadcrumb\"},\"inLanguage\":\"de\",\"potentialAction\":[{\"@type\":\"ReadAction\",\"target\":[\"https:\/\/www.kavecko.sk\/de\/anmeldung\/\"]}]},{\"@type\":\"BreadcrumbList\",\"@id\":\"https:\/\/www.kavecko.sk\/de\/anmeldung\/#breadcrumb\",\"itemListElement\":[{\"@type\":\"ListItem\",\"position\":1,\"name\":\"Domovsk\u00e1 str\u00e1nka\",\"item\":\"https:\/\/www.kavecko.sk\/de\/amateurklub\/\"},{\"@type\":\"ListItem\",\"position\":2,\"name\":\"Anmeldung\"}]},{\"@type\":\"WebSite\",\"@id\":\"https:\/\/www.kavecko.sk\/#website\",\"url\":\"https:\/\/www.kavecko.sk\/\",\"name\":\"www.kavecko.sk\",\"description\":\"Klub amat\u00e9rov K\u00e1v\u00e9\u010dko\",\"potentialAction\":[{\"@type\":\"SearchAction\",\"target\":{\"@type\":\"EntryPoint\",\"urlTemplate\":\"https:\/\/www.kavecko.sk\/?s={search_term_string}\"},\"query-input\":{\"@type\":\"PropertyValueSpecification\",\"valueRequired\":true,\"valueName\":\"search_term_string\"}}],\"inLanguage\":\"de\"}]}<\/script>\n<!-- \/ Yoast SEO plugin. -->","yoast_head_json":{"title":"Anmeldung - www.kavecko.sk","robots":{"index":"index","follow":"follow","max-snippet":"max-snippet:-1","max-image-preview":"max-image-preview:large","max-video-preview":"max-video-preview:-1"},"canonical":"https:\/\/www.kavecko.sk\/de\/anmeldung\/","og_locale":"de_DE","og_type":"article","og_title":"Anmeldung - www.kavecko.sk","og_url":"https:\/\/www.kavecko.sk\/de\/anmeldung\/","og_site_name":"www.kavecko.sk","twitter_card":"summary_large_image","twitter_misc":{"Gesch\u00e4tzte Lesezeit":"6\u00a0Minuten"},"schema":{"@context":"https:\/\/schema.org","@graph":[{"@type":"WebPage","@id":"https:\/\/www.kavecko.sk\/de\/anmeldung\/","url":"https:\/\/www.kavecko.sk\/de\/anmeldung\/","name":"Anmeldung - www.kavecko.sk","isPartOf":{"@id":"https:\/\/www.kavecko.sk\/#website"},"datePublished":"2016-07-26T18:34:20+00:00","breadcrumb":{"@id":"https:\/\/www.kavecko.sk\/de\/anmeldung\/#breadcrumb"},"inLanguage":"de","potentialAction":[{"@type":"ReadAction","target":["https:\/\/www.kavecko.sk\/de\/anmeldung\/"]}]},{"@type":"BreadcrumbList","@id":"https:\/\/www.kavecko.sk\/de\/anmeldung\/#breadcrumb","itemListElement":[{"@type":"ListItem","position":1,"name":"Domovsk\u00e1 str\u00e1nka","item":"https:\/\/www.kavecko.sk\/de\/amateurklub\/"},{"@type":"ListItem","position":2,"name":"Anmeldung"}]},{"@type":"WebSite","@id":"https:\/\/www.kavecko.sk\/#website","url":"https:\/\/www.kavecko.sk\/","name":"www.kavecko.sk","description":"Klub amat\u00e9rov K\u00e1v\u00e9\u010dko","potentialAction":[{"@type":"SearchAction","target":{"@type":"EntryPoint","urlTemplate":"https:\/\/www.kavecko.sk\/?s={search_term_string}"},"query-input":{"@type":"PropertyValueSpecification","valueRequired":true,"valueName":"search_term_string"}}],"inLanguage":"de"}]}},"_links":{"self":[{"href":"https:\/\/www.kavecko.sk\/de\/wp-json\/wp\/v2\/pages\/303"}],"collection":[{"href":"https:\/\/www.kavecko.sk\/de\/wp-json\/wp\/v2\/pages"}],"about":[{"href":"https:\/\/www.kavecko.sk\/de\/wp-json\/wp\/v2\/types\/page"}],"author":[{"embeddable":true,"href":"https:\/\/www.kavecko.sk\/de\/wp-json\/wp\/v2\/users\/1"}],"replies":[{"embeddable":true,"href":"https:\/\/www.kavecko.sk\/de\/wp-json\/wp\/v2\/comments?post=303"}],"version-history":[{"count":0,"href":"https:\/\/www.kavecko.sk\/de\/wp-json\/wp\/v2\/pages\/303\/revisions"}],"wp:attachment":[{"href":"https:\/\/www.kavecko.sk\/de\/wp-json\/wp\/v2\/media?parent=303"}],"curies":[{"name":"wp","href":"https:\/\/api.w.org\/{rel}","templated":true}]}}